{"id":1560,"date":"2020-05-12T13:37:50","date_gmt":"2020-05-12T13:37:50","guid":{"rendered":"http:\/\/www.qualityhomesfactory.com\/contacte\/"},"modified":"2022-02-02T14:15:41","modified_gmt":"2022-02-02T12:15:41","slug":"contacte","status":"publish","type":"page","link":"https:\/\/www.qualityhomesfactory.com\/ca\/contacte\/","title":{"rendered":"Contacte"},"content":{"rendered":"\t\t<div data-elementor-type=\"wp-page\" data-elementor-id=\"1560\" class=\"elementor elementor-1560 elementor-18\">\n\t\t\t\t\t\t<section class=\"elementor-section elementor-top-section elementor-element elementor-element-7831eef2 elementor-section-boxed elementor-section-height-default elementor-section-height-default\" data-id=\"7831eef2\" data-element_type=\"section\">\n\t\t\t\t\t\t<div class=\"elementor-container elementor-column-gap-default\">\n\t\t\t\t\t<div class=\"elementor-column elementor-col-100 elementor-top-column elementor-element elementor-element-2fa60aea\" data-id=\"2fa60aea\" data-element_type=\"column\">\n\t\t\t<div class=\"elementor-widget-wrap elementor-element-populated\">\n\t\t\t\t\t\t<div class=\"elementor-element elementor-element-61dba30 elementor-widget elementor-widget-text-editor\" data-id=\"61dba30\" data-element_type=\"widget\" data-widget_type=\"text-editor.default\">\n\t\t\t\t<div class=\"elementor-widget-container\">\n\t\t\t\t\t\t\t\t\t<p>Vols venir a visitar-nos? Des de Quality Homes Factory volem convidar-te a que passis pel nostre despatx al carrer Esteve Terrades 27 de Barcelona. Et brindarem l&#8217;atenci\u00f3 i el comprom\u00eds d&#8217;oferir-te les millors solucions per al teu projecte de construcci\u00f3.<\/p><p>Esteve Terrades, 27, despatx 2, 08023 Barcelona<\/p><p><strong>Tel\u00e8fon: <\/strong>+34 932 500 932<br \/><strong>Email:<\/strong> \u00a0<a href=\"mailto:info@qhf.es\">info@qhf.es<\/a><\/p><hr \/><p>\u00a0<\/p>\n<div class=\"wpcf7 no-js\" id=\"wpcf7-f1833-o1\" lang=\"ca\" dir=\"ltr\" data-wpcf7-id=\"1833\">\n<div class=\"screen-reader-response\"><p role=\"status\" aria-live=\"polite\" aria-atomic=\"true\"><\/p> <ul><\/ul><\/div>\n<form action=\"\/ca\/wp-json\/wp\/v2\/pages\/1560#wpcf7-f1833-o1\" method=\"post\" class=\"wpcf7-form init\" aria-label=\"Formulari de contacte\" novalidate=\"novalidate\" data-status=\"init\">\n<fieldset class=\"hidden-fields-container\"><input type=\"hidden\" name=\"_wpcf7\" value=\"1833\" \/><input type=\"hidden\" name=\"_wpcf7_version\" value=\"6.1.4\" \/><input type=\"hidden\" name=\"_wpcf7_locale\" value=\"ca\" \/><input type=\"hidden\" name=\"_wpcf7_unit_tag\" value=\"wpcf7-f1833-o1\" \/><input type=\"hidden\" name=\"_wpcf7_container_post\" value=\"0\" \/><input type=\"hidden\" name=\"_wpcf7_posted_data_hash\" value=\"\" \/><input type=\"hidden\" name=\"_wpcf7_recaptcha_response\" value=\"\" \/>\n<\/fieldset>\n<p><label> Nom (requerit)<br \/>\n<span class=\"wpcf7-form-control-wrap\" data-name=\"your-name\"><input size=\"40\" maxlength=\"400\" class=\"wpcf7-form-control wpcf7-text wpcf7-validates-as-required\" aria-required=\"true\" aria-invalid=\"false\" value=\"\" type=\"text\" name=\"your-name\" \/><\/span> <\/label>\n<\/p>\n<p><label> Correu electr\u00f2nic (requerit)<br \/>\n<span class=\"wpcf7-form-control-wrap\" data-name=\"your-email\"><input size=\"40\" maxlength=\"400\" class=\"wpcf7-form-control wpcf7-email wpcf7-validates-as-required wpcf7-text wpcf7-validates-as-email\" aria-required=\"true\" aria-invalid=\"false\" value=\"\" type=\"email\" name=\"your-email\" \/><\/span> <\/label>\n<\/p>\n<p><label> Tema<br \/>\n<span class=\"wpcf7-form-control-wrap\" data-name=\"your-subject\"><input size=\"40\" maxlength=\"400\" class=\"wpcf7-form-control wpcf7-text\" aria-invalid=\"false\" value=\"\" type=\"text\" name=\"your-subject\" \/><\/span> <\/label>\n<\/p>\n<p><label> Missatge<br \/>\n<span class=\"wpcf7-form-control-wrap\" data-name=\"your-message\"><textarea cols=\"40\" rows=\"10\" maxlength=\"2000\" class=\"wpcf7-form-control wpcf7-textarea\" aria-invalid=\"false\" name=\"your-message\"><\/textarea><\/span> <\/label>\n<\/p>\n<p>QUALITY HOMES FACTORY, S.L.U. com a responsable del tractament tractar\u2000 les teves dades amb la finalitat de donar<br \/>\nresposta a la teva consulta o petici\u00f3. Pots accedir, rectificar i suprimir les teves dades, aix\u00ed com exercir altres drets consultant la informaci\u00f3 addicional i detallada sobre protecci\u00f3 de dades a la nostra <a href=\"https:\/\/www.qualityhomesfactory.com\/politica-de-privacidad\/\" target=\"_blank\">pol\u00edtica de privacitat<\/a>\n<\/p>\n<p><span class=\"wpcf7-form-control-wrap\" data-name=\"politicaprivacidad\"><span class=\"wpcf7-form-control wpcf7-acceptance\"><span class=\"wpcf7-list-item\"><label><input type=\"checkbox\" name=\"politicaprivacidad\" value=\"1\" aria-invalid=\"false\" \/><span class=\"wpcf7-list-item-label\">He llegit i accepto les condicions contingudes en la pol\u00edtica de privacitat sobre el tractament de les meves dades per a gestionar la meva consulta o petici\u00f3.<\/span><\/label><\/span><\/span><\/span>\n<\/p>\n<p><b>Ens agradaria que ens prestessis el teu consentiment per a:<\/b>\n<\/p>\n<p><span class=\"wpcf7-form-control-wrap\" data-name=\"comercial\"><span class=\"wpcf7-form-control wpcf7-acceptance optional\"><span class=\"wpcf7-list-item\"><label><input type=\"checkbox\" name=\"comercial\" value=\"1\" aria-invalid=\"false\" \/><span class=\"wpcf7-list-item-label\">Enviar-te informaci\u00f3 comercial sobre els productes, serveis, novetats de QUALITY HOMES FACTORY, S.L.U.<\/span><\/label><\/span><\/span><\/span>\n<\/p>\n<p><input class=\"wpcf7-form-control wpcf7-submit has-spinner\" type=\"submit\" value=\"Enviar\" \/>\n<\/p><div class=\"wpcf7-response-output\" aria-hidden=\"true\"><\/div>\n<\/form>\n<\/div>\n\t\t\t\t\t\t\t\t<\/div>\n\t\t\t\t<\/div>\n\t\t\t\t\t<\/div>\n\t\t<\/div>\n\t\t\t\t\t<\/div>\n\t\t<\/section>\n\t\t\t\t<\/div>\n\t\t","protected":false},"excerpt":{"rendered":"<p>Vols venir a visitar-nos? Des de Quality Homes Factory volem convidar-te a que passis pel nostre despatx al carrer Esteve Terrades 27 de Barcelona. Et brindarem l&#8217;atenci\u00f3 i el comprom\u00eds d&#8217;oferir-te les millors solucions per al teu projecte de construcci\u00f3. Esteve Terrades, 27, despatx 2, 08023 Barcelona Tel\u00e8fon: +34 932 500 932Email: \u00a0info@qhf.es \u00a0<\/p>\n","protected":false},"author":1,"featured_media":0,"parent":0,"menu_order":0,"comment_status":"closed","ping_status":"closed","template":"","meta":{"footnotes":""},"class_list":["post-1560","page","type-page","status-publish","hentry"],"_links":{"self":[{"href":"https:\/\/www.qualityhomesfactory.com\/ca\/wp-json\/wp\/v2\/pages\/1560","targetHints":{"allow":["GET"]}}],"collection":[{"href":"https:\/\/www.qualityhomesfactory.com\/ca\/wp-json\/wp\/v2\/pages"}],"about":[{"href":"https:\/\/www.qualityhomesfactory.com\/ca\/wp-json\/wp\/v2\/types\/page"}],"author":[{"embeddable":true,"href":"https:\/\/www.qualityhomesfactory.com\/ca\/wp-json\/wp\/v2\/users\/1"}],"replies":[{"embeddable":true,"href":"https:\/\/www.qualityhomesfactory.com\/ca\/wp-json\/wp\/v2\/comments?post=1560"}],"version-history":[{"count":5,"href":"https:\/\/www.qualityhomesfactory.com\/ca\/wp-json\/wp\/v2\/pages\/1560\/revisions"}],"predecessor-version":[{"id":2376,"href":"https:\/\/www.qualityhomesfactory.com\/ca\/wp-json\/wp\/v2\/pages\/1560\/revisions\/2376"}],"wp:attachment":[{"href":"https:\/\/www.qualityhomesfactory.com\/ca\/wp-json\/wp\/v2\/media?parent=1560"}],"curies":[{"name":"wp","href":"https:\/\/api.w.org\/{rel}","templated":true}]}}