{"id":1535,"date":"2020-05-08T14:43:14","date_gmt":"2020-05-08T12:43:14","guid":{"rendered":"http:\/\/www.qualityhomesfactory.com\/quality-homes-factory\/"},"modified":"2020-05-30T20:55:21","modified_gmt":"2020-05-30T18:55:21","slug":"quality-homes-factory","status":"publish","type":"page","link":"https:\/\/www.qualityhomesfactory.com\/fr\/quality-homes-factory\/","title":{"rendered":"\u00c0 propos de nous"},"content":{"rendered":"\t\t<div data-elementor-type=\"wp-page\" data-elementor-id=\"1535\" class=\"elementor elementor-1535 elementor-14\">\n\t\t\t\t\t\t<section class=\"elementor-section elementor-top-section elementor-element elementor-element-10ee518a elementor-section-boxed elementor-section-height-default elementor-section-height-default\" data-id=\"10ee518a\" data-element_type=\"section\">\n\t\t\t\t\t\t<div class=\"elementor-container elementor-column-gap-default\">\n\t\t\t\t\t<div class=\"elementor-column elementor-col-100 elementor-top-column elementor-element elementor-element-9617f6c\" data-id=\"9617f6c\" data-element_type=\"column\">\n\t\t\t<div class=\"elementor-widget-wrap elementor-element-populated\">\n\t\t\t\t\t\t<div class=\"elementor-element elementor-element-4a9c5d6f elementor-widget elementor-widget-text-editor\" data-id=\"4a9c5d6f\" data-element_type=\"widget\" data-widget_type=\"text-editor.default\">\n\t\t\t\t<div class=\"elementor-widget-container\">\n\t\t\t\t\t\t\t\t\t<p><strong>Quality Homes Factory<\/strong> est une entreprise de construction sp\u00e9cialis\u00e9e dans le b\u00e2timent. Nos professionnels du secteur de la construction travaillent depuis plus de vingt ans dans des projets pour des clients particuliers, des promoteurs priv\u00e9s et des administrations publiques.<\/p><p><strong>Notre \u00e9quipe vous propose un service direct et personnalis\u00e9<\/strong> avec des solutions techniques et des am\u00e9liorations adapt\u00e9es \u00e0 votre projet. <strong>La qualit\u00e9 et l&rsquo;efficacit\u00e9<\/strong> dans tous nos travaux sont des r\u00e8gles d&rsquo;or pour nos professionnels, raison pour laquelle nous respectons toujours les devis et les d\u00e9lais d&rsquo;ex\u00e9cution fix\u00e9s. L&rsquo;objectif final dans toutes nos constructions est d&rsquo;obtenir <strong>la satisfaction totale<\/strong> du client apr\u00e8s avoir remis\u00a0de projet termin\u00e9.<\/p><h4><span style=\"color: #5aa788;\">D\u00e9partements de l&rsquo;entreprise<\/span><\/h4><p>Le client est la raison d&rsquo;\u00eatre de <strong>Quality Homes Factory<\/strong>. Tous nos d\u00e9partements travaillent en pleine harmonie pour r\u00e9pondre aux attentes formul\u00e9es par le client au d\u00e9but du projet de construction. Notre professionnalisme au service du client nous permet d&rsquo;accorder une attention individualis\u00e9e \u00e0 chaque projet afin d&rsquo;atteindre une qualit\u00e9 sup\u00e9rieure dans toutes nos interventions.<\/p><p>\u00a0<\/p>\t\t\t\t\t\t\t\t<\/div>\n\t\t\t\t<\/div>\n\t\t\t\t\t<\/div>\n\t\t<\/div>\n\t\t\t\t\t<\/div>\n\t\t<\/section>\n\t\t\t\t<section class=\"elementor-section elementor-top-section elementor-element elementor-element-cfe16ec elementor-section-boxed elementor-section-height-default elementor-section-height-default\" data-id=\"cfe16ec\" data-element_type=\"section\">\n\t\t\t\t\t\t<div class=\"elementor-container elementor-column-gap-default\">\n\t\t\t\t\t<div class=\"elementor-column elementor-col-100 elementor-top-column elementor-element elementor-element-47ee350\" data-id=\"47ee350\" data-element_type=\"column\">\n\t\t\t<div class=\"elementor-widget-wrap elementor-element-populated\">\n\t\t\t\t\t\t<div class=\"elementor-element elementor-element-aa7bb50 elementor-tabs-view-horizontal elementor-widget elementor-widget-tabs\" data-id=\"aa7bb50\" data-element_type=\"widget\" data-widget_type=\"tabs.default\">\n\t\t\t\t<div class=\"elementor-widget-container\">\n\t\t\t\t\t\t\t<div class=\"elementor-tabs\">\n\t\t\t<div class=\"elementor-tabs-wrapper\" role=\"tablist\" >\n\t\t\t\t\t\t\t\t\t<div id=\"elementor-tab-title-1781\" class=\"elementor-tab-title elementor-tab-desktop-title\" aria-selected=\"true\" data-tab=\"1\" role=\"tab\" tabindex=\"0\" aria-controls=\"elementor-tab-content-1781\" aria-expanded=\"false\">D\u00e9partement d'\u00e9tude<\/div>\n\t\t\t\t\t\t\t\t\t<div id=\"elementor-tab-title-1782\" class=\"elementor-tab-title elementor-tab-desktop-title\" aria-selected=\"false\" data-tab=\"2\" role=\"tab\" tabindex=\"-1\" aria-controls=\"elementor-tab-content-1782\" aria-expanded=\"false\">D\u00e9partement de production<\/div>\n\t\t\t\t\t\t\t\t\t<div id=\"elementor-tab-title-1783\" class=\"elementor-tab-title elementor-tab-desktop-title\" aria-selected=\"false\" data-tab=\"3\" role=\"tab\" tabindex=\"-1\" aria-controls=\"elementor-tab-content-1783\" aria-expanded=\"false\">D\u00e9partement d'administration<\/div>\n\t\t\t\t\t\t\t<\/div>\n\t\t\t<div class=\"elementor-tabs-content-wrapper\" role=\"tablist\" aria-orientation=\"vertical\">\n\t\t\t\t\t\t\t\t\t<div class=\"elementor-tab-title elementor-tab-mobile-title\" aria-selected=\"true\" data-tab=\"1\" role=\"tab\" tabindex=\"0\" aria-controls=\"elementor-tab-content-1781\" aria-expanded=\"false\">D\u00e9partement d'\u00e9tude<\/div>\n\t\t\t\t\t<div id=\"elementor-tab-content-1781\" class=\"elementor-tab-content elementor-clearfix\" data-tab=\"1\" role=\"tabpanel\" aria-labelledby=\"elementor-tab-title-1781\" tabindex=\"0\" hidden=\"false\"><p>Le d\u00e9partement d&rsquo;\u00e9tude de<strong> Quality Homes Factory<\/strong> se charge d&rsquo;\u00e9valuer votre construction depuis sa conception. Nos professionnels du d\u00e9partement d&rsquo;\u00e9tude con\u00e7oivent les <strong>meilleures solutions constructives<\/strong> pour votre projet en imaginant et en optimisant chacune des phases de la construction.<\/p>\n<\/div>\n\t\t\t\t\t\t\t\t\t<div class=\"elementor-tab-title elementor-tab-mobile-title\" aria-selected=\"false\" data-tab=\"2\" role=\"tab\" tabindex=\"-1\" aria-controls=\"elementor-tab-content-1782\" aria-expanded=\"false\">D\u00e9partement de production<\/div>\n\t\t\t\t\t<div id=\"elementor-tab-content-1782\" class=\"elementor-tab-content elementor-clearfix\" data-tab=\"2\" role=\"tabpanel\" aria-labelledby=\"elementor-tab-title-1782\" tabindex=\"0\" hidden=\"hidden\"><p><strong>Le d\u00e9partement de production<\/strong> supervise le respect et <strong>la qualit\u00e9<\/strong> de toutes les interventions r\u00e9alis\u00e9es pendant la construction. Nos professionnels respectent <strong>les d\u00e9lais<\/strong> et honorent les engagements pris envers le client.<\/p>\n<\/div>\n\t\t\t\t\t\t\t\t\t<div class=\"elementor-tab-title elementor-tab-mobile-title\" aria-selected=\"false\" data-tab=\"3\" role=\"tab\" tabindex=\"-1\" aria-controls=\"elementor-tab-content-1783\" aria-expanded=\"false\">D\u00e9partement d'administration<\/div>\n\t\t\t\t\t<div id=\"elementor-tab-content-1783\" class=\"elementor-tab-content elementor-clearfix\" data-tab=\"3\" role=\"tabpanel\" aria-labelledby=\"elementor-tab-title-1783\" tabindex=\"0\" hidden=\"hidden\"><p>Le <strong>d\u00e9partement d&rsquo;administration<\/strong> effectue un contr\u00f4le \u00e9conomique, fiscal et administratif dans tous les domaines de la construction. Nos professionnels sont tr\u00e8s attentifs \u00e0 des aspects comme<strong> la gestion des ressources humaines, la pr\u00e9vention des risques professionnels et le contr\u00f4le des fournisseurs.<\/strong><\/p>\n<\/div>\n\t\t\t\t\t\t\t<\/div>\n\t\t<\/div>\n\t\t\t\t\t\t<\/div>\n\t\t\t\t<\/div>\n\t\t\t\t\t<\/div>\n\t\t<\/div>\n\t\t\t\t\t<\/div>\n\t\t<\/section>\n\t\t\t\t<section class=\"elementor-section elementor-top-section elementor-element elementor-element-2e40c4e elementor-section-boxed elementor-section-height-default elementor-section-height-default\" data-id=\"2e40c4e\" data-element_type=\"section\">\n\t\t\t\t\t\t<div class=\"elementor-container elementor-column-gap-default\">\n\t\t\t\t\t<div class=\"elementor-column elementor-col-100 elementor-top-column elementor-element elementor-element-526ef2a\" data-id=\"526ef2a\" data-element_type=\"column\">\n\t\t\t<div class=\"elementor-widget-wrap elementor-element-populated\">\n\t\t\t\t\t\t<div class=\"elementor-element elementor-element-98ca0ca elementor-align-justify elementor-widget elementor-widget-button\" data-id=\"98ca0ca\" data-element_type=\"widget\" data-widget_type=\"button.default\">\n\t\t\t\t<div class=\"elementor-widget-container\">\n\t\t\t\t\t\t\t\t\t<div class=\"elementor-button-wrapper\">\n\t\t\t\t\t<a class=\"elementor-button elementor-button-link elementor-size-sm\" href=\"\/?page_id=18\">\n\t\t\t\t\t\t<span class=\"elementor-button-content-wrapper\">\n\t\t\t\t\t\t\t\t\t<span class=\"elementor-button-text\">NOUS VOUS CONSEILLONS<\/span>\n\t\t\t\t\t<\/span>\n\t\t\t\t\t<\/a>\n\t\t\t\t<\/div>\n\t\t\t\t\t\t\t\t<\/div>\n\t\t\t\t<\/div>\n\t\t\t\t\t<\/div>\n\t\t<\/div>\n\t\t\t\t\t<\/div>\n\t\t<\/section>\n\t\t\t\t<\/div>\n\t\t","protected":false},"excerpt":{"rendered":"<p>Quality Homes Factory est une entreprise de construction sp\u00e9cialis\u00e9e dans le b\u00e2timent. Nos professionnels du secteur de la construction travaillent depuis plus de vingt ans dans des projets pour des clients particuliers, des promoteurs priv\u00e9s et des administrations publiques. Notre \u00e9quipe vous propose un service direct et personnalis\u00e9 avec des solutions techniques et des am\u00e9liorations adapt\u00e9es \u00e0 votre projet. La qualit\u00e9 et l&rsquo;efficacit\u00e9 dans tous nos travaux sont des r\u00e8gles d&rsquo;or pour nos professionnels, raison pour laquelle nous respectons toujours les devis et les d\u00e9lais d&rsquo;ex\u00e9cution fix\u00e9s. L&rsquo;objectif final dans toutes nos constructions est d&rsquo;obtenir la satisfaction totale du client apr\u00e8s avoir remis\u00a0de projet termin\u00e9. D\u00e9partements de l&rsquo;entreprise Le client est la raison d&rsquo;\u00eatre de Quality Homes Factory. Tous nos d\u00e9partements travaillent en pleine harmonie pour r\u00e9pondre aux attentes formul\u00e9es par le client au d\u00e9but du projet de construction. Notre professionnalisme au service du client nous permet d&rsquo;accorder une attention individualis\u00e9e \u00e0 chaque projet afin d&rsquo;atteindre une qualit\u00e9 sup\u00e9rieure dans toutes nos interventions. \u00a0 D\u00e9partement d&rsquo;\u00e9tude D\u00e9partement de production D\u00e9partement d&rsquo;administration D\u00e9partement d&rsquo;\u00e9tude Le d\u00e9partement d&#8217;\u00e9tude de Quality Homes Factory se charge d&#8217;\u00e9valuer votre construction depuis sa conception. Nos professionnels du d\u00e9partement d&#8217;\u00e9tude con\u00e7oivent les meilleures solutions constructives pour votre projet en imaginant et en optimisant chacune des phases de la construction. D\u00e9partement de production Le d\u00e9partement de production supervise le respect et la qualit\u00e9 de toutes les interventions r\u00e9alis\u00e9es pendant la construction. Nos professionnels respectent les d\u00e9lais et honorent les engagements pris envers le client. D\u00e9partement d&rsquo;administration Le d\u00e9partement d&#8217;administration effectue un contr\u00f4le \u00e9conomique, fiscal et administratif dans tous les domaines de la construction. Nos professionnels sont tr\u00e8s attentifs \u00e0 des aspects comme la gestion des ressources humaines, la pr\u00e9vention des risques professionnels et le contr\u00f4le des fournisseurs. NOUS VOUS CONSEILLONS<\/p>\n","protected":false},"author":1,"featured_media":0,"parent":0,"menu_order":0,"comment_status":"closed","ping_status":"closed","template":"","meta":{"footnotes":""},"class_list":["post-1535","page","type-page","status-publish","hentry"],"_links":{"self":[{"href":"https:\/\/www.qualityhomesfactory.com\/fr\/wp-json\/wp\/v2\/pages\/1535","targetHints":{"allow":["GET"]}}],"collection":[{"href":"https:\/\/www.qualityhomesfactory.com\/fr\/wp-json\/wp\/v2\/pages"}],"about":[{"href":"https:\/\/www.qualityhomesfactory.com\/fr\/wp-json\/wp\/v2\/types\/page"}],"author":[{"embeddable":true,"href":"https:\/\/www.qualityhomesfactory.com\/fr\/wp-json\/wp\/v2\/users\/1"}],"replies":[{"embeddable":true,"href":"https:\/\/www.qualityhomesfactory.com\/fr\/wp-json\/wp\/v2\/comments?post=1535"}],"version-history":[{"count":5,"href":"https:\/\/www.qualityhomesfactory.com\/fr\/wp-json\/wp\/v2\/pages\/1535\/revisions"}],"predecessor-version":[{"id":2120,"href":"https:\/\/www.qualityhomesfactory.com\/fr\/wp-json\/wp\/v2\/pages\/1535\/revisions\/2120"}],"wp:attachment":[{"href":"https:\/\/www.qualityhomesfactory.com\/fr\/wp-json\/wp\/v2\/media?parent=1535"}],"curies":[{"name":"wp","href":"https:\/\/api.w.org\/{rel}","templated":true}]}}